{"id":12,"date":"2018-10-23T11:21:43","date_gmt":"2018-10-23T11:21:43","guid":{"rendered":"https:\/\/demo.crocoblock.com\/coursebit\/?page_id=12"},"modified":"2020-08-28T13:03:30","modified_gmt":"2020-08-28T16:03:30","slug":"blog-2","status":"publish","type":"page","link":"https:\/\/chicoortiz.com.br\/?page_id=12","title":{"rendered":"Blog"},"content":{"rendered":"\t\t<div data-elementor-type=\"wp-post\" data-elementor-id=\"12\" class=\"elementor elementor-12\" data-elementor-post-type=\"page\">\n\t\t\t\t\t\t<section class=\"elementor-section elementor-top-section elementor-element elementor-element-b97bd29 elementor-section-boxed elementor-section-height-default elementor-section-height-default\" data-id=\"b97bd29\" data-element_type=\"section\" data-e-type=\"section\">\n\t\t\t\t\t\t<div class=\"elementor-container elementor-column-gap-default\">\n\t\t\t\t\t<div class=\"elementor-column elementor-col-100 elementor-top-column elementor-element elementor-element-36bcd6c\" data-id=\"36bcd6c\" data-element_type=\"column\" data-e-type=\"column\">\n\t\t\t<div class=\"elementor-widget-wrap\">\n\t\t\t\t\t\t\t<\/div>\n\t\t<\/div>\n\t\t\t\t\t<\/div>\n\t\t<\/section>\n\t\t\t\t<section class=\"elementor-section elementor-top-section elementor-element elementor-element-399b37c elementor-section-boxed elementor-section-height-default elementor-section-height-default\" data-id=\"399b37c\" data-element_type=\"section\" data-e-type=\"section\">\n\t\t\t\t\t\t<div class=\"elementor-container elementor-column-gap-default\">\n\t\t\t\t\t<div class=\"elementor-column elementor-col-100 elementor-top-column elementor-element elementor-element-4c280bae\" data-id=\"4c280bae\" data-element_type=\"column\" data-e-type=\"column\">\n\t\t\t<div class=\"elementor-widget-wrap elementor-element-populated\">\n\t\t\t\t\t\t<div class=\"elementor-element elementor-element-4bf0cf32 elementor-widget elementor-widget-heading\" data-id=\"4bf0cf32\" data-element_type=\"widget\" data-e-type=\"widget\" data-widget_type=\"heading.default\">\n\t\t\t\t<div class=\"elementor-widget-container\">\n\t\t\t\t\t<h2 class=\"elementor-heading-title elementor-size-default\">Meu Videos<\/h2>\t\t\t\t<\/div>\n\t\t\t\t<\/div>\n\t\t\t\t<div class=\"elementor-element elementor-element-7f5c37e8 elementor-widget elementor-widget-spacer\" data-id=\"7f5c37e8\" data-element_type=\"widget\" data-e-type=\"widget\" data-widget_type=\"spacer.default\">\n\t\t\t\t<div class=\"elementor-widget-container\">\n\t\t\t\t\t\t\t<div class=\"elementor-spacer\">\n\t\t\t<div class=\"elementor-spacer-inner\"><\/div>\n\t\t<\/div>\n\t\t\t\t\t\t<\/div>\n\t\t\t\t<\/div>\n\t\t\t\t<div class=\"elementor-element elementor-element-1717c67e elementor-widget elementor-widget-text-editor\" data-id=\"1717c67e\" data-element_type=\"widget\" data-e-type=\"widget\" data-widget_type=\"text-editor.default\">\n\t\t\t\t<div class=\"elementor-widget-container\">\n\t\t\t\t\t\t\t\t\t<p>Esta galeria de videos \u00e9 o espelho de meu canal no youtube<\/p>\t\t\t\t\t\t\t\t<\/div>\n\t\t\t\t<\/div>\n\t\t\t\t<div class=\"elementor-element elementor-element-6e411eb8 elementor-widget elementor-widget-spacer\" data-id=\"6e411eb8\" data-element_type=\"widget\" data-e-type=\"widget\" data-widget_type=\"spacer.default\">\n\t\t\t\t<div class=\"elementor-widget-container\">\n\t\t\t\t\t\t\t<div class=\"elementor-spacer\">\n\t\t\t<div class=\"elementor-spacer-inner\"><\/div>\n\t\t<\/div>\n\t\t\t\t\t\t<\/div>\n\t\t\t\t<\/div>\n\t\t\t\t\t<\/div>\n\t\t<\/div>\n\t\t\t\t\t<\/div>\n\t\t<\/section>\n\t\t\t\t<section class=\"elementor-section elementor-top-section elementor-element elementor-element-fd64c38 elementor-section-boxed elementor-section-height-default elementor-section-height-default\" data-id=\"fd64c38\" data-element_type=\"section\" data-e-type=\"section\">\n\t\t\t\t\t\t<div class=\"elementor-container elementor-column-gap-default\">\n\t\t\t\t\t<div class=\"elementor-column elementor-col-33 elementor-top-column elementor-element elementor-element-6db18cd\" data-id=\"6db18cd\" data-element_type=\"column\" data-e-type=\"column\">\n\t\t\t<div class=\"elementor-widget-wrap elementor-element-populated\">\n\t\t\t\t\t\t<div class=\"elementor-element elementor-element-03065c9 elementor-widget elementor-widget-video\" data-id=\"03065c9\" data-element_type=\"widget\" data-e-type=\"widget\" data-settings=\"{&quot;youtube_url&quot;:&quot;https:\\\/\\\/www.youtube.com\\\/watch?v=6Wd_jsuNQuY&quot;,&quot;video_type&quot;:&quot;youtube&quot;,&quot;controls&quot;:&quot;yes&quot;}\" data-widget_type=\"video.default\">\n\t\t\t\t<div class=\"elementor-widget-container\">\n\t\t\t\t\t\t\t<div class=\"elementor-wrapper elementor-open-inline\">\n\t\t\t<div class=\"elementor-video\"><\/div>\t\t<\/div>\n\t\t\t\t\t\t<\/div>\n\t\t\t\t<\/div>\n\t\t\t\t\t<\/div>\n\t\t<\/div>\n\t\t\t\t<div class=\"elementor-column elementor-col-33 elementor-top-column elementor-element elementor-element-7b71d44\" data-id=\"7b71d44\" data-element_type=\"column\" data-e-type=\"column\">\n\t\t\t<div class=\"elementor-widget-wrap elementor-element-populated\">\n\t\t\t\t\t\t<div class=\"elementor-element elementor-element-933e5dd elementor-widget elementor-widget-video\" data-id=\"933e5dd\" data-element_type=\"widget\" data-e-type=\"widget\" data-settings=\"{&quot;youtube_url&quot;:&quot;https:\\\/\\\/www.youtube.com\\\/watch?v=OPaPTJw8qpI&quot;,&quot;video_type&quot;:&quot;youtube&quot;,&quot;controls&quot;:&quot;yes&quot;}\" data-widget_type=\"video.default\">\n\t\t\t\t<div class=\"elementor-widget-container\">\n\t\t\t\t\t\t\t<div class=\"elementor-wrapper elementor-open-inline\">\n\t\t\t<div class=\"elementor-video\"><\/div>\t\t<\/div>\n\t\t\t\t\t\t<\/div>\n\t\t\t\t<\/div>\n\t\t\t\t\t<\/div>\n\t\t<\/div>\n\t\t\t\t<div class=\"elementor-column elementor-col-33 elementor-top-column elementor-element elementor-element-34493b4\" data-id=\"34493b4\" data-element_type=\"column\" data-e-type=\"column\">\n\t\t\t<div class=\"elementor-widget-wrap elementor-element-populated\">\n\t\t\t\t\t\t<div class=\"elementor-element elementor-element-a2efe26 elementor-widget elementor-widget-video\" data-id=\"a2efe26\" data-element_type=\"widget\" data-e-type=\"widget\" data-settings=\"{&quot;youtube_url&quot;:&quot;https:\\\/\\\/www.youtube.com\\\/watch?v=Q-HhlI1lsPU&quot;,&quot;video_type&quot;:&quot;youtube&quot;,&quot;controls&quot;:&quot;yes&quot;}\" data-widget_type=\"video.default\">\n\t\t\t\t<div class=\"elementor-widget-container\">\n\t\t\t\t\t\t\t<div class=\"elementor-wrapper elementor-open-inline\">\n\t\t\t<div class=\"elementor-video\"><\/div>\t\t<\/div>\n\t\t\t\t\t\t<\/div>\n\t\t\t\t<\/div>\n\t\t\t\t\t<\/div>\n\t\t<\/div>\n\t\t\t\t\t<\/div>\n\t\t<\/section>\n\t\t\t\t<section class=\"elementor-section elementor-top-section elementor-element elementor-element-69cdc80b elementor-section-boxed elementor-section-height-default elementor-section-height-default\" data-id=\"69cdc80b\" data-element_type=\"section\" data-e-type=\"section\" data-settings=\"{&quot;background_background&quot;:&quot;gradient&quot;}\">\n\t\t\t\t\t\t<div class=\"elementor-container elementor-column-gap-default\">\n\t\t\t\t\t<div class=\"elementor-column elementor-col-50 elementor-top-column elementor-element elementor-element-4edc5864\" data-id=\"4edc5864\" data-element_type=\"column\" data-e-type=\"column\">\n\t\t\t<div class=\"elementor-widget-wrap elementor-element-populated\">\n\t\t\t\t\t\t<div class=\"elementor-element elementor-element-4508f14a elementor-widget elementor-widget-heading\" data-id=\"4508f14a\" data-element_type=\"widget\" data-e-type=\"widget\" data-widget_type=\"heading.default\">\n\t\t\t\t<div class=\"elementor-widget-container\">\n\t\t\t\t\t<h1 class=\"elementor-heading-title elementor-size-default\">Chico Ortiz<\/h1>\t\t\t\t<\/div>\n\t\t\t\t<\/div>\n\t\t\t\t<div class=\"elementor-element elementor-element-6c810e1b elementor-widget elementor-widget-spacer\" data-id=\"6c810e1b\" data-element_type=\"widget\" data-e-type=\"widget\" data-widget_type=\"spacer.default\">\n\t\t\t\t<div class=\"elementor-widget-container\">\n\t\t\t\t\t\t\t<div class=\"elementor-spacer\">\n\t\t\t<div class=\"elementor-spacer-inner\"><\/div>\n\t\t<\/div>\n\t\t\t\t\t\t<\/div>\n\t\t\t\t<\/div>\n\t\t\t\t<div class=\"elementor-element elementor-element-358e5732 elementor-widget elementor-widget-spacer\" data-id=\"358e5732\" data-element_type=\"widget\" data-e-type=\"widget\" data-widget_type=\"spacer.default\">\n\t\t\t\t<div class=\"elementor-widget-container\">\n\t\t\t\t\t\t\t<div class=\"elementor-spacer\">\n\t\t\t<div class=\"elementor-spacer-inner\"><\/div>\n\t\t<\/div>\n\t\t\t\t\t\t<\/div>\n\t\t\t\t<\/div>\n\t\t\t\t<div class=\"elementor-element elementor-element-b34062b elementor-widget elementor-widget-spacer\" data-id=\"b34062b\" data-element_type=\"widget\" data-e-type=\"widget\" data-widget_type=\"spacer.default\">\n\t\t\t\t<div class=\"elementor-widget-container\">\n\t\t\t\t\t\t\t<div class=\"elementor-spacer\">\n\t\t\t<div class=\"elementor-spacer-inner\"><\/div>\n\t\t<\/div>\n\t\t\t\t\t\t<\/div>\n\t\t\t\t<\/div>\n\t\t\t\t\t<\/div>\n\t\t<\/div>\n\t\t\t\t<div class=\"elementor-column elementor-col-50 elementor-top-column elementor-element elementor-element-42324cd5\" data-id=\"42324cd5\" data-element_type=\"column\" data-e-type=\"column\">\n\t\t\t<div class=\"elementor-widget-wrap elementor-element-populated\">\n\t\t\t\t\t\t<div class=\"elementor-element elementor-element-3ac99b59 elementor-widget elementor-widget-image\" data-id=\"3ac99b59\" data-element_type=\"widget\" data-e-type=\"widget\" data-widget_type=\"image.default\">\n\t\t\t\t<div class=\"elementor-widget-container\">\n\t\t\t\t\t\t\t\t\t\t\t\t\t\t\t<img fetchpriority=\"high\" decoding=\"async\" width=\"500\" height=\"500\" src=\"https:\/\/chicoortiz.com.br\/wp-content\/uploads\/2020\/08\/chico-ortiz-vereador-em-ijui.png\" class=\"attachment-full size-full wp-image-655\" alt=\"\" srcset=\"https:\/\/chicoortiz.com.br\/wp-content\/uploads\/2020\/08\/chico-ortiz-vereador-em-ijui.png 500w, https:\/\/chicoortiz.com.br\/wp-content\/uploads\/2020\/08\/chico-ortiz-vereador-em-ijui-300x300.png 300w, https:\/\/chicoortiz.com.br\/wp-content\/uploads\/2020\/08\/chico-ortiz-vereador-em-ijui-150x150.png 150w, https:\/\/chicoortiz.com.br\/wp-content\/uploads\/2020\/08\/chico-ortiz-vereador-em-ijui-230x230.png 230w, https:\/\/chicoortiz.com.br\/wp-content\/uploads\/2020\/08\/chico-ortiz-vereador-em-ijui-400x400.png 400w\" sizes=\"(max-width: 500px) 100vw, 500px\" \/>\t\t\t\t\t\t\t\t\t\t\t\t\t\t\t<\/div>\n\t\t\t\t<\/div>\n\t\t\t\t\t<\/div>\n\t\t<\/div>\n\t\t\t\t\t<\/div>\n\t\t<\/section>\n\t\t\t\t<section class=\"elementor-section elementor-top-section elementor-element elementor-element-5085105e elementor-section-boxed elementor-section-height-default elementor-section-height-default\" data-id=\"5085105e\" data-element_type=\"section\" data-e-type=\"section\" data-settings=\"{&quot;background_background&quot;:&quot;classic&quot;}\">\n\t\t\t\t\t\t<div class=\"elementor-container elementor-column-gap-default\">\n\t\t\t\t\t<div class=\"elementor-column elementor-col-100 elementor-top-column elementor-element elementor-element-1308a41b\" data-id=\"1308a41b\" data-element_type=\"column\" data-e-type=\"column\">\n\t\t\t<div class=\"elementor-widget-wrap elementor-element-populated\">\n\t\t\t\t\t\t<div class=\"elementor-element elementor-element-107b76ff elementor-widget elementor-widget-heading\" data-id=\"107b76ff\" data-element_type=\"widget\" data-e-type=\"widget\" data-widget_type=\"heading.default\">\n\t\t\t\t<div class=\"elementor-widget-container\">\n\t\t\t\t\t<h2 class=\"elementor-heading-title elementor-size-default\">Contate-me<\/h2>\t\t\t\t<\/div>\n\t\t\t\t<\/div>\n\t\t\t\t<div class=\"elementor-element elementor-element-3d84f2c0 elementor-widget elementor-widget-spacer\" data-id=\"3d84f2c0\" data-element_type=\"widget\" data-e-type=\"widget\" data-widget_type=\"spacer.default\">\n\t\t\t\t<div class=\"elementor-widget-container\">\n\t\t\t\t\t\t\t<div class=\"elementor-spacer\">\n\t\t\t<div class=\"elementor-spacer-inner\"><\/div>\n\t\t<\/div>\n\t\t\t\t\t\t<\/div>\n\t\t\t\t<\/div>\n\t\t\t\t<div class=\"elementor-element elementor-element-74942c79 elementor-widget elementor-widget-text-editor\" data-id=\"74942c79\" data-element_type=\"widget\" data-e-type=\"widget\" data-widget_type=\"text-editor.default\">\n\t\t\t\t<div class=\"elementor-widget-container\">\n\t\t\t\t\t\t\t\t\t<p>Acompanhe e Compartilhe<\/p>\t\t\t\t\t\t\t\t<\/div>\n\t\t\t\t<\/div>\n\t\t\t\t<div class=\"elementor-element elementor-element-6681331e elementor-widget elementor-widget-spacer\" data-id=\"6681331e\" data-element_type=\"widget\" data-e-type=\"widget\" data-widget_type=\"spacer.default\">\n\t\t\t\t<div class=\"elementor-widget-container\">\n\t\t\t\t\t\t\t<div class=\"elementor-spacer\">\n\t\t\t<div class=\"elementor-spacer-inner\"><\/div>\n\t\t<\/div>\n\t\t\t\t\t\t<\/div>\n\t\t\t\t<\/div>\n\t\t\t\t<div class=\"elementor-element elementor-element-83037b4 elementor-shape-square e-grid-align-left e-grid-align-mobile-center elementor-grid-0 elementor-widget elementor-widget-social-icons\" data-id=\"83037b4\" data-element_type=\"widget\" data-e-type=\"widget\" data-widget_type=\"social-icons.default\">\n\t\t\t\t<div class=\"elementor-widget-container\">\n\t\t\t\t\t\t\t<div class=\"elementor-social-icons-wrapper elementor-grid\" role=\"list\">\n\t\t\t\t\t\t\t<span class=\"elementor-grid-item\" role=\"listitem\">\n\t\t\t\t\t<a class=\"elementor-icon elementor-social-icon elementor-social-icon-facebook-f elementor-repeater-item-8a9505d\" href=\"https:\/\/www.facebook.com\/pg\/Chi-Ortiz-138942680904290\" target=\"_blank\">\n\t\t\t\t\t\t<span class=\"elementor-screen-only\">Facebook-f<\/span>\n\t\t\t\t\t\t<i aria-hidden=\"true\" class=\"fab fa-facebook-f\"><\/i>\t\t\t\t\t<\/a>\n\t\t\t\t<\/span>\n\t\t\t\t\t\t\t<span class=\"elementor-grid-item\" role=\"listitem\">\n\t\t\t\t\t<a class=\"elementor-icon elementor-social-icon elementor-social-icon-twitter elementor-repeater-item-8e3dda6\" href=\"https:\/\/twitter.com\/IjuiChico\" target=\"_blank\">\n\t\t\t\t\t\t<span class=\"elementor-screen-only\">Twitter<\/span>\n\t\t\t\t\t\t<i aria-hidden=\"true\" class=\"fab fa-twitter\"><\/i>\t\t\t\t\t<\/a>\n\t\t\t\t<\/span>\n\t\t\t\t\t\t\t<span class=\"elementor-grid-item\" role=\"listitem\">\n\t\t\t\t\t<a class=\"elementor-icon elementor-social-icon elementor-social-icon-pinterest elementor-repeater-item-1cbcb5b\" href=\"https:\/\/br.pinterest.com\/chicoortizijui\/\" target=\"_blank\">\n\t\t\t\t\t\t<span class=\"elementor-screen-only\">Pinterest<\/span>\n\t\t\t\t\t\t<i aria-hidden=\"true\" class=\"fab fa-pinterest\"><\/i>\t\t\t\t\t<\/a>\n\t\t\t\t<\/span>\n\t\t\t\t\t\t\t<span class=\"elementor-grid-item\" role=\"listitem\">\n\t\t\t\t\t<a class=\"elementor-icon elementor-social-icon elementor-social-icon-instagram elementor-repeater-item-21f8223\" href=\"https:\/\/www.instagram.com\/chicoschroer\/\" target=\"_blank\">\n\t\t\t\t\t\t<span class=\"elementor-screen-only\">Instagram<\/span>\n\t\t\t\t\t\t<i aria-hidden=\"true\" class=\"fab fa-instagram\"><\/i>\t\t\t\t\t<\/a>\n\t\t\t\t<\/span>\n\t\t\t\t\t\t\t<span class=\"elementor-grid-item\" role=\"listitem\">\n\t\t\t\t\t<a class=\"elementor-icon elementor-social-icon elementor-social-icon-telegram elementor-repeater-item-29645b9\" target=\"_blank\">\n\t\t\t\t\t\t<span class=\"elementor-screen-only\">Telegram<\/span>\n\t\t\t\t\t\t<i aria-hidden=\"true\" class=\"fab fa-telegram\"><\/i>\t\t\t\t\t<\/a>\n\t\t\t\t<\/span>\n\t\t\t\t\t\t\t<span class=\"elementor-grid-item\" role=\"listitem\">\n\t\t\t\t\t<a class=\"elementor-icon elementor-social-icon elementor-social-icon-youtube elementor-repeater-item-599878d\" href=\"https:\/\/www.youtube.com\/channel\/UCJOFwUuEk8QiHyByb3-APaA?view_as=subscriber\" target=\"_blank\">\n\t\t\t\t\t\t<span class=\"elementor-screen-only\">Youtube<\/span>\n\t\t\t\t\t\t<i aria-hidden=\"true\" class=\"fab fa-youtube\"><\/i>\t\t\t\t\t<\/a>\n\t\t\t\t<\/span>\n\t\t\t\t\t\t\t<span class=\"elementor-grid-item\" role=\"listitem\">\n\t\t\t\t\t<a class=\"elementor-icon elementor-social-icon elementor-social-icon-linkedin-in elementor-repeater-item-036f5d0\" href=\"https:\/\/www.linkedin.com\/in\/chico-ortiz-0022b81b5\/\" target=\"_blank\">\n\t\t\t\t\t\t<span class=\"elementor-screen-only\">Linkedin-in<\/span>\n\t\t\t\t\t\t<i aria-hidden=\"true\" class=\"fab fa-linkedin-in\"><\/i>\t\t\t\t\t<\/a>\n\t\t\t\t<\/span>\n\t\t\t\t\t<\/div>\n\t\t\t\t\t\t<\/div>\n\t\t\t\t<\/div>\n\t\t\t\t\t<\/div>\n\t\t<\/div>\n\t\t\t\t\t<\/div>\n\t\t<\/section>\n\t\t\t\t<section class=\"elementor-section elementor-top-section elementor-element elementor-element-be6a57d elementor-section-boxed elementor-section-height-default elementor-section-height-default\" data-id=\"be6a57d\" data-element_type=\"section\" data-e-type=\"section\">\n\t\t\t\t\t\t<div class=\"elementor-container elementor-column-gap-default\">\n\t\t\t\t\t<div class=\"elementor-column elementor-col-50 elementor-top-column elementor-element elementor-element-08eda4a\" data-id=\"08eda4a\" data-element_type=\"column\" data-e-type=\"column\">\n\t\t\t<div class=\"elementor-widget-wrap elementor-element-populated\">\n\t\t\t\t\t\t<div class=\"elementor-element elementor-element-7011d49 elementor-widget elementor-widget-facebook-page\" data-id=\"7011d49\" data-element_type=\"widget\" data-e-type=\"widget\" data-widget_type=\"facebook-page.default\">\n\t\t\t\t<div class=\"elementor-widget-container\">\n\t\t\t\t\t<div class=\"elementor-facebook-widget fb-page\" data-href=\"https:\/\/www.facebook.com\/pg\/Chi-Ortiz-138942680904290\/about\/?ref=page_internal\" data-tabs=\"timeline\" data-height=\"500px\" data-width=\"500px\" data-small-header=\"false\" data-hide-cover=\"false\" data-show-facepile=\"true\" data-hide-cta=\"false\" style=\"min-height: 1px;height:500px\"><\/div>\t\t\t\t<\/div>\n\t\t\t\t<\/div>\n\t\t\t\t\t<\/div>\n\t\t<\/div>\n\t\t\t\t<div class=\"elementor-column elementor-col-50 elementor-top-column elementor-element elementor-element-325d97b\" data-id=\"325d97b\" data-element_type=\"column\" data-e-type=\"column\">\n\t\t\t<div class=\"elementor-widget-wrap\">\n\t\t\t\t\t\t\t<\/div>\n\t\t<\/div>\n\t\t\t\t\t<\/div>\n\t\t<\/section>\n\t\t\t\t<\/div>\n\t\t","protected":false},"excerpt":{"rendered":"<p>\u00c9 melhor comprar ou alugar im\u00f3vel na crise? Ou investir num fundo imobili\u00e1rio? Posted by joao guisolfiagosto 21, 2020Comments: 0Em uma \u00e9poca de crise, um dilema cl\u00e1ssico pode surgir:&nbsp; comprar ou alugar um&nbsp;im\u00f3vel? Enquanto muitos prezam pela sensa\u00e7\u00e3o de&hellip;Leia Mais Alugar ou comprar um im\u00f3vel? Posted by joao guisolfiagosto 21, 2020Comments: 0As gera\u00e7\u00f5es anteriores tinham [&hellip;]<\/p>\n","protected":false},"author":2,"featured_media":0,"parent":0,"menu_order":0,"comment_status":"closed","ping_status":"closed","template":"elementor_header_footer","meta":{"footnotes":""},"class_list":["post-12","page","type-page","status-publish","hentry"],"yoast_head":"<!-- This site is optimized with the Yoast SEO plugin v27.3 - https:\/\/yoast.com\/product\/yoast-seo-wordpress\/ -->\n<title>Blog -<\/title>\n<meta name=\"robots\" content=\"index, follow, max-snippet:-1, max-image-preview:large, max-video-preview:-1\" \/>\n<link rel=\"canonical\" href=\"https:\/\/chicoortiz.com.br\/?page_id=12\" \/>\n<meta property=\"og:locale\" content=\"pt_BR\" \/>\n<meta property=\"og:type\" content=\"article\" \/>\n<meta property=\"og:title\" content=\"Blog -\" \/>\n<meta property=\"og:description\" content=\"\u00c9 melhor comprar ou alugar im\u00f3vel na crise? Ou investir num fundo imobili\u00e1rio? Posted by joao guisolfiagosto 21, 2020Comments: 0Em uma \u00e9poca de crise, um dilema cl\u00e1ssico pode surgir:&nbsp; comprar ou alugar um&nbsp;im\u00f3vel? Enquanto muitos prezam pela sensa\u00e7\u00e3o de&hellip;Leia Mais Alugar ou comprar um im\u00f3vel? Posted by joao guisolfiagosto 21, 2020Comments: 0As gera\u00e7\u00f5es anteriores tinham [&hellip;]\" \/>\n<meta property=\"og:url\" content=\"https:\/\/chicoortiz.com.br\/?page_id=12\" \/>\n<meta property=\"article:modified_time\" content=\"2020-08-28T16:03:30+00:00\" \/>\n<meta property=\"og:image\" content=\"https:\/\/chicoortiz.com.br\/wp-content\/uploads\/2020\/08\/contrato-de-aluguel-saiba-o-que-pode-e-o-que-nao-pode-ser-exigido-370x265.jpeg\" \/>\n<meta name=\"twitter:card\" content=\"summary_large_image\" \/>\n<meta name=\"twitter:label1\" content=\"Est. tempo de leitura\" \/>\n\t<meta name=\"twitter:data1\" content=\"1 minuto\" \/>\n<script type=\"application\/ld+json\" class=\"yoast-schema-graph\">{\"@context\":\"https:\\\/\\\/schema.org\",\"@graph\":[{\"@type\":\"WebPage\",\"@id\":\"https:\\\/\\\/chicoortiz.com.br\\\/?page_id=12\",\"url\":\"https:\\\/\\\/chicoortiz.com.br\\\/?page_id=12\",\"name\":\"Blog -\",\"isPartOf\":{\"@id\":\"https:\\\/\\\/chicoortiz.com.br\\\/#website\"},\"primaryImageOfPage\":{\"@id\":\"https:\\\/\\\/chicoortiz.com.br\\\/?page_id=12#primaryimage\"},\"image\":{\"@id\":\"https:\\\/\\\/chicoortiz.com.br\\\/?page_id=12#primaryimage\"},\"thumbnailUrl\":\"https:\\\/\\\/chicoortiz.com.br\\\/wp-content\\\/uploads\\\/2020\\\/08\\\/contrato-de-aluguel-saiba-o-que-pode-e-o-que-nao-pode-ser-exigido-370x265.jpeg\",\"datePublished\":\"2018-10-23T11:21:43+00:00\",\"dateModified\":\"2020-08-28T16:03:30+00:00\",\"breadcrumb\":{\"@id\":\"https:\\\/\\\/chicoortiz.com.br\\\/?page_id=12#breadcrumb\"},\"inLanguage\":\"pt-BR\",\"potentialAction\":[{\"@type\":\"ReadAction\",\"target\":[\"https:\\\/\\\/chicoortiz.com.br\\\/?page_id=12\"]}]},{\"@type\":\"ImageObject\",\"inLanguage\":\"pt-BR\",\"@id\":\"https:\\\/\\\/chicoortiz.com.br\\\/?page_id=12#primaryimage\",\"url\":\"https:\\\/\\\/chicoortiz.com.br\\\/wp-content\\\/uploads\\\/2020\\\/08\\\/contrato-de-aluguel-saiba-o-que-pode-e-o-que-nao-pode-ser-exigido.jpeg\",\"contentUrl\":\"https:\\\/\\\/chicoortiz.com.br\\\/wp-content\\\/uploads\\\/2020\\\/08\\\/contrato-de-aluguel-saiba-o-que-pode-e-o-que-nao-pode-ser-exigido.jpeg\",\"width\":2000,\"height\":1333,\"caption\":\"Businessman or lawyer accountant working financial investment on office, using calculator analysis finance document report real estate and home loan insurance.\"},{\"@type\":\"BreadcrumbList\",\"@id\":\"https:\\\/\\\/chicoortiz.com.br\\\/?page_id=12#breadcrumb\",\"itemListElement\":[{\"@type\":\"ListItem\",\"position\":1,\"name\":\"In\u00edcio\",\"item\":\"https:\\\/\\\/chicoortiz.com.br\\\/\"},{\"@type\":\"ListItem\",\"position\":2,\"name\":\"Blog\"}]},{\"@type\":\"WebSite\",\"@id\":\"https:\\\/\\\/chicoortiz.com.br\\\/#website\",\"url\":\"https:\\\/\\\/chicoortiz.com.br\\\/\",\"name\":\"\",\"description\":\"Site de Conte\u00fado Eleitoral LUIZ FRANCISCO SCHROER CNPJ- 38.726.166\\\/0001-62\",\"potentialAction\":[{\"@type\":\"SearchAction\",\"target\":{\"@type\":\"EntryPoint\",\"urlTemplate\":\"https:\\\/\\\/chicoortiz.com.br\\\/?s={search_term_string}\"},\"query-input\":{\"@type\":\"PropertyValueSpecification\",\"valueRequired\":true,\"valueName\":\"search_term_string\"}}],\"inLanguage\":\"pt-BR\"}]}<\/script>\n<!-- \/ Yoast SEO plugin. -->","yoast_head_json":{"title":"Blog -","robots":{"index":"index","follow":"follow","max-snippet":"max-snippet:-1","max-image-preview":"max-image-preview:large","max-video-preview":"max-video-preview:-1"},"canonical":"https:\/\/chicoortiz.com.br\/?page_id=12","og_locale":"pt_BR","og_type":"article","og_title":"Blog -","og_description":"\u00c9 melhor comprar ou alugar im\u00f3vel na crise? Ou investir num fundo imobili\u00e1rio? Posted by joao guisolfiagosto 21, 2020Comments: 0Em uma \u00e9poca de crise, um dilema cl\u00e1ssico pode surgir:&nbsp; comprar ou alugar um&nbsp;im\u00f3vel? Enquanto muitos prezam pela sensa\u00e7\u00e3o de&hellip;Leia Mais Alugar ou comprar um im\u00f3vel? Posted by joao guisolfiagosto 21, 2020Comments: 0As gera\u00e7\u00f5es anteriores tinham [&hellip;]","og_url":"https:\/\/chicoortiz.com.br\/?page_id=12","article_modified_time":"2020-08-28T16:03:30+00:00","og_image":[{"url":"https:\/\/chicoortiz.com.br\/wp-content\/uploads\/2020\/08\/contrato-de-aluguel-saiba-o-que-pode-e-o-que-nao-pode-ser-exigido-370x265.jpeg","type":"","width":"","height":""}],"twitter_card":"summary_large_image","twitter_misc":{"Est. tempo de leitura":"1 minuto"},"schema":{"@context":"https:\/\/schema.org","@graph":[{"@type":"WebPage","@id":"https:\/\/chicoortiz.com.br\/?page_id=12","url":"https:\/\/chicoortiz.com.br\/?page_id=12","name":"Blog -","isPartOf":{"@id":"https:\/\/chicoortiz.com.br\/#website"},"primaryImageOfPage":{"@id":"https:\/\/chicoortiz.com.br\/?page_id=12#primaryimage"},"image":{"@id":"https:\/\/chicoortiz.com.br\/?page_id=12#primaryimage"},"thumbnailUrl":"https:\/\/chicoortiz.com.br\/wp-content\/uploads\/2020\/08\/contrato-de-aluguel-saiba-o-que-pode-e-o-que-nao-pode-ser-exigido-370x265.jpeg","datePublished":"2018-10-23T11:21:43+00:00","dateModified":"2020-08-28T16:03:30+00:00","breadcrumb":{"@id":"https:\/\/chicoortiz.com.br\/?page_id=12#breadcrumb"},"inLanguage":"pt-BR","potentialAction":[{"@type":"ReadAction","target":["https:\/\/chicoortiz.com.br\/?page_id=12"]}]},{"@type":"ImageObject","inLanguage":"pt-BR","@id":"https:\/\/chicoortiz.com.br\/?page_id=12#primaryimage","url":"https:\/\/chicoortiz.com.br\/wp-content\/uploads\/2020\/08\/contrato-de-aluguel-saiba-o-que-pode-e-o-que-nao-pode-ser-exigido.jpeg","contentUrl":"https:\/\/chicoortiz.com.br\/wp-content\/uploads\/2020\/08\/contrato-de-aluguel-saiba-o-que-pode-e-o-que-nao-pode-ser-exigido.jpeg","width":2000,"height":1333,"caption":"Businessman or lawyer accountant working financial investment on office, using calculator analysis finance document report real estate and home loan insurance."},{"@type":"BreadcrumbList","@id":"https:\/\/chicoortiz.com.br\/?page_id=12#breadcrumb","itemListElement":[{"@type":"ListItem","position":1,"name":"In\u00edcio","item":"https:\/\/chicoortiz.com.br\/"},{"@type":"ListItem","position":2,"name":"Blog"}]},{"@type":"WebSite","@id":"https:\/\/chicoortiz.com.br\/#website","url":"https:\/\/chicoortiz.com.br\/","name":"","description":"Site de Conte\u00fado Eleitoral LUIZ FRANCISCO SCHROER CNPJ- 38.726.166\/0001-62","potentialAction":[{"@type":"SearchAction","target":{"@type":"EntryPoint","urlTemplate":"https:\/\/chicoortiz.com.br\/?s={search_term_string}"},"query-input":{"@type":"PropertyValueSpecification","valueRequired":true,"valueName":"search_term_string"}}],"inLanguage":"pt-BR"}]}},"_links":{"self":[{"href":"https:\/\/chicoortiz.com.br\/index.php?rest_route=\/wp\/v2\/pages\/12","targetHints":{"allow":["GET"]}}],"collection":[{"href":"https:\/\/chicoortiz.com.br\/index.php?rest_route=\/wp\/v2\/pages"}],"about":[{"href":"https:\/\/chicoortiz.com.br\/index.php?rest_route=\/wp\/v2\/types\/page"}],"author":[{"embeddable":true,"href":"https:\/\/chicoortiz.com.br\/index.php?rest_route=\/wp\/v2\/users\/2"}],"replies":[{"embeddable":true,"href":"https:\/\/chicoortiz.com.br\/index.php?rest_route=%2Fwp%2Fv2%2Fcomments&post=12"}],"version-history":[{"count":9,"href":"https:\/\/chicoortiz.com.br\/index.php?rest_route=\/wp\/v2\/pages\/12\/revisions"}],"predecessor-version":[{"id":786,"href":"https:\/\/chicoortiz.com.br\/index.php?rest_route=\/wp\/v2\/pages\/12\/revisions\/786"}],"wp:attachment":[{"href":"https:\/\/chicoortiz.com.br\/index.php?rest_route=%2Fwp%2Fv2%2Fmedia&parent=12"}],"curies":[{"name":"wp","href":"https:\/\/api.w.org\/{rel}","templated":true}]}}